{"id":17,"date":"2015-02-05T10:21:11","date_gmt":"2015-02-05T10:21:11","guid":{"rendered":"http:\/\/wpcharming.wpengine.com\/construction\/?page_id=17"},"modified":"2024-03-04T09:06:28","modified_gmt":"2024-03-04T09:06:28","slug":"nos_services","status":"publish","type":"page","link":"https:\/\/exbatsn.com\/index.php\/nos_services\/","title":{"rendered":"Nos services"},"content":{"rendered":"<div class=\"wpb-content-wrapper\"><p>[vc_row padding_top=&#8221;10&#8243; padding_bottom=&#8221;0&#8243;][vc_column]\n\t<div class=\"child-page-wrapper \">\n\t\t<div class=\"grid-wrapper grid-3-columns grid-row \">\n\t\t\t<div class=\"grid-item grid-sm-6 grid-md-4\">\n\t\t\t\t<div class=\"grid-thumbnail\">\n\t\t\t\t\t<a href=\"https:\/\/exbatsn.com\/index.php\/nos_services\/routes\/\" title=\"ROUTES\"><img fetchpriority=\"high\" decoding=\"async\" width=\"600\" height=\"300\" src=\"https:\/\/exbatsn.com\/wp-content\/uploads\/2024\/01\/WhatsApp-Image-2024-01-09-at-11.03.10-600x300.jpeg\" class=\"attachment-medium-thumb size-medium-thumb wp-post-image\" alt=\"\" srcset=\"https:\/\/exbatsn.com\/wp-content\/uploads\/2024\/01\/WhatsApp-Image-2024-01-09-at-11.03.10-600x300.jpeg 600w, https:\/\/exbatsn.com\/wp-content\/uploads\/2024\/01\/WhatsApp-Image-2024-01-09-at-11.03.10-400x200.jpeg 400w\" sizes=\"(max-width: 600px) 100vw, 600px\" \/><\/a>\n\t\t\t\t<\/div>\n\t\t\t\t<h3 class=\"grid-title\"><a href=\"https:\/\/exbatsn.com\/index.php\/nos_services\/routes\/\" rel=\"bookmark\">ROUTES<\/a><\/h3>\n\n\t\t\t\t<p>La construction de routes est un processus complexe qui implique plusieurs \u00e9tapes. Exbat a une \u00e9quipe d\u2019experts qui travaillent sur les principales phases de construction de routes.<\/p>\n\n\t\t\t\t<a class=\"grid-more\" href=\"https:\/\/exbatsn.com\/index.php\/nos_services\/routes\/\" title=\"ROUTES\">Voir plus<\/a>\n\n\t\t\t<\/div>\n\t\t\t\n\t\t\t<div class=\"grid-item grid-sm-6 grid-md-4\">\n\t\t\t\t<div class=\"grid-thumbnail\">\n\t\t\t\t\t<a href=\"https:\/\/exbatsn.com\/index.php\/nos_services\/xeyu_ndaw_ngi\/\" title=\"PROGRAMME XEYU NDAW GNI\"><img decoding=\"async\" width=\"600\" height=\"300\" src=\"https:\/\/exbatsn.com\/wp-content\/uploads\/2024\/01\/WhatsApp-Image-2024-01-09-at-11.03.102-600x300.jpeg\" class=\"attachment-medium-thumb size-medium-thumb wp-post-image\" alt=\"\" srcset=\"https:\/\/exbatsn.com\/wp-content\/uploads\/2024\/01\/WhatsApp-Image-2024-01-09-at-11.03.102-600x300.jpeg 600w, https:\/\/exbatsn.com\/wp-content\/uploads\/2024\/01\/WhatsApp-Image-2024-01-09-at-11.03.102-400x200.jpeg 400w, https:\/\/exbatsn.com\/wp-content\/uploads\/2024\/01\/WhatsApp-Image-2024-01-09-at-11.03.102-800x400.jpeg 800w\" sizes=\"(max-width: 600px) 100vw, 600px\" \/><\/a>\n\t\t\t\t<\/div>\n\t\t\t\t<h3 class=\"grid-title\"><a href=\"https:\/\/exbatsn.com\/index.php\/nos_services\/xeyu_ndaw_ngi\/\" rel=\"bookmark\">PROGRAMME XEYU NDAW GNI<\/a><\/h3>\n\n\t\t\t\t<p>Exbat est fier d'avoir collabor\u00e9 activement avec AGETIP S\u00e9n\u00e9gal dans le cadre du programme \"XEYU NDAW GNI\" initie par le gouvernement s\u00e9n\u00e9galais. <\/p>\n\n\t\t\t\t<a class=\"grid-more\" href=\"https:\/\/exbatsn.com\/index.php\/nos_services\/xeyu_ndaw_ngi\/\" title=\"PROGRAMME XEYU NDAW GNI\">Voir plus<\/a>\n\n\t\t\t<\/div>\n\t\t\t\n\t\t\t<div class=\"grid-item grid-sm-6 grid-md-4\">\n\t\t\t\t<div class=\"grid-thumbnail\">\n\t\t\t\t\t<a href=\"https:\/\/exbatsn.com\/index.php\/nos_services\/batiments\/\" title=\"BATIMENTS\"><img decoding=\"async\" width=\"600\" height=\"300\" src=\"https:\/\/exbatsn.com\/wp-content\/uploads\/2015\/02\/interior5-600x300.jpg\" class=\"attachment-medium-thumb size-medium-thumb wp-post-image\" alt=\"\" srcset=\"https:\/\/exbatsn.com\/wp-content\/uploads\/2015\/02\/interior5-600x300.jpg 600w, https:\/\/exbatsn.com\/wp-content\/uploads\/2015\/02\/interior5-400x200.jpg 400w, https:\/\/exbatsn.com\/wp-content\/uploads\/2015\/02\/interior5-800x400.jpg 800w\" sizes=\"(max-width: 600px) 100vw, 600px\" \/><\/a>\n\t\t\t\t<\/div>\n\t\t\t\t<h3 class=\"grid-title\"><a href=\"https:\/\/exbatsn.com\/index.php\/nos_services\/batiments\/\" rel=\"bookmark\">BATIMENTS<\/a><\/h3>\n\n\t\t\t\t<p>Exbat dispose des ressources et des connaissances n\u00e9cessaires pour entreprendre n'importe quel emploi<\/p>\n\n\t\t\t\t<a class=\"grid-more\" href=\"https:\/\/exbatsn.com\/index.php\/nos_services\/batiments\/\" title=\"BATIMENTS\">Voir plus<\/a>\n\n\t\t\t<\/div>\n\t\t\t\n\t\t\t\t<div class=\"clear\"><\/div>\n\t\t<\/div>\n\t<\/div>[\/vc_column][\/vc_row]<\/p>\n<\/div>","protected":false},"excerpt":{"rendered":"<p>[vc_row padding_top=&#8221;10&#8243; padding_bottom=&#8221;0&#8243;][vc_column][\/vc_column][\/vc_row]<\/p>\n","protected":false},"author":1,"featured_media":0,"parent":0,"menu_order":0,"comment_status":"open","ping_status":"closed","template":"","meta":{"footnotes":""},"class_list":["post-17","page","type-page","status-publish","hentry"],"_links":{"self":[{"href":"https:\/\/exbatsn.com\/index.php\/wp-json\/wp\/v2\/pages\/17","targetHints":{"allow":["GET"]}}],"collection":[{"href":"https:\/\/exbatsn.com\/index.php\/wp-json\/wp\/v2\/pages"}],"about":[{"href":"https:\/\/exbatsn.com\/index.php\/wp-json\/wp\/v2\/types\/page"}],"author":[{"embeddable":true,"href":"https:\/\/exbatsn.com\/index.php\/wp-json\/wp\/v2\/users\/1"}],"replies":[{"embeddable":true,"href":"https:\/\/exbatsn.com\/index.php\/wp-json\/wp\/v2\/comments?post=17"}],"version-history":[{"count":9,"href":"https:\/\/exbatsn.com\/index.php\/wp-json\/wp\/v2\/pages\/17\/revisions"}],"predecessor-version":[{"id":970,"href":"https:\/\/exbatsn.com\/index.php\/wp-json\/wp\/v2\/pages\/17\/revisions\/970"}],"wp:attachment":[{"href":"https:\/\/exbatsn.com\/index.php\/wp-json\/wp\/v2\/media?parent=17"}],"curies":[{"name":"wp","href":"https:\/\/api.w.org\/{rel}","templated":true}]}}