{"id":203,"date":"2015-02-07T13:13:13","date_gmt":"2015-02-07T13:13:13","guid":{"rendered":"http:\/\/wpcharming.wpengine.com\/construction\/?page_id=203"},"modified":"2024-01-30T12:29:08","modified_gmt":"2024-01-30T12:29:08","slug":"xeyu_ndaw_ngi","status":"publish","type":"page","link":"https:\/\/exbatsn.com\/index.php\/nos_services\/xeyu_ndaw_ngi\/","title":{"rendered":"PROGRAMME XEYU NDAW GNI"},"content":{"rendered":"<div class=\"wpb-content-wrapper\"><p>[vc_row padding_top=&#8221;0&#8243; padding_bottom=&#8221;0&#8243;][vc_column][vc_single_image image=&#8221;910&#8243; img_size=&#8221;1000&#215;600&#8243;][vc_column_text]<\/p>\n\n        <style type='text\/css'>\n            #gallery-1 .gallery-item {\n                float: left;\n                text-align: center;\n                width: 20%;\n                margin-bottom:0;\n            }\n            #gallery-1 img {\n            }\n            #gallery-1 .gallery-caption {\n                margin-left: 0;\n            }\n        <\/style>\n\t\t<div id='gallery-1' class='gallery  gallery-columns-5 gallery-size-medium-thumb gallery-lightbox'><dl class='gallery-item'>\n            <dt class='gallery-icon'>\n                <a href='https:\/\/exbatsn.com\/wp-content\/uploads\/2024\/01\/WhatsApp-Image-2024-01-09-at-11.03.102.jpeg'><img fetchpriority=\"high\" decoding=\"async\" width=\"600\" height=\"300\" src=\"https:\/\/exbatsn.com\/wp-content\/uploads\/2024\/01\/WhatsApp-Image-2024-01-09-at-11.03.102-600x300.jpeg\" class=\"attachment-medium-thumb size-medium-thumb\" alt=\"\" srcset=\"https:\/\/exbatsn.com\/wp-content\/uploads\/2024\/01\/WhatsApp-Image-2024-01-09-at-11.03.102-600x300.jpeg 600w, https:\/\/exbatsn.com\/wp-content\/uploads\/2024\/01\/WhatsApp-Image-2024-01-09-at-11.03.102-400x200.jpeg 400w, https:\/\/exbatsn.com\/wp-content\/uploads\/2024\/01\/WhatsApp-Image-2024-01-09-at-11.03.102-800x400.jpeg 800w\" sizes=\"(max-width: 600px) 100vw, 600px\" \/><\/a>\n            <\/dt><\/dl><dl class='gallery-item'>\n            <dt class='gallery-icon'>\n                <a href='https:\/\/exbatsn.com\/wp-content\/uploads\/2024\/01\/WhatsApp-Image-2024-01-09-at-11.03.104.jpeg'><img decoding=\"async\" width=\"600\" height=\"300\" src=\"https:\/\/exbatsn.com\/wp-content\/uploads\/2024\/01\/WhatsApp-Image-2024-01-09-at-11.03.104-600x300.jpeg\" class=\"attachment-medium-thumb size-medium-thumb\" alt=\"\" srcset=\"https:\/\/exbatsn.com\/wp-content\/uploads\/2024\/01\/WhatsApp-Image-2024-01-09-at-11.03.104-600x300.jpeg 600w, https:\/\/exbatsn.com\/wp-content\/uploads\/2024\/01\/WhatsApp-Image-2024-01-09-at-11.03.104-400x200.jpeg 400w, https:\/\/exbatsn.com\/wp-content\/uploads\/2024\/01\/WhatsApp-Image-2024-01-09-at-11.03.104-800x400.jpeg 800w\" sizes=\"(max-width: 600px) 100vw, 600px\" \/><\/a>\n            <\/dt><\/dl><dl class='gallery-item'>\n            <dt class='gallery-icon'>\n                <a href='https:\/\/exbatsn.com\/wp-content\/uploads\/2024\/01\/WhatsApp-Image-2024-01-09-at-11.03.113.jpeg'><img decoding=\"async\" width=\"600\" height=\"300\" src=\"https:\/\/exbatsn.com\/wp-content\/uploads\/2024\/01\/WhatsApp-Image-2024-01-09-at-11.03.113-600x300.jpeg\" class=\"attachment-medium-thumb size-medium-thumb\" alt=\"\" srcset=\"https:\/\/exbatsn.com\/wp-content\/uploads\/2024\/01\/WhatsApp-Image-2024-01-09-at-11.03.113-600x300.jpeg 600w, https:\/\/exbatsn.com\/wp-content\/uploads\/2024\/01\/WhatsApp-Image-2024-01-09-at-11.03.113-400x200.jpeg 400w, https:\/\/exbatsn.com\/wp-content\/uploads\/2024\/01\/WhatsApp-Image-2024-01-09-at-11.03.113-800x400.jpeg 800w\" sizes=\"(max-width: 600px) 100vw, 600px\" \/><\/a>\n            <\/dt><\/dl>\n            <div class=\"clear\"><\/div>\n        <\/div>\n\n<p>[\/vc_column_text][\/vc_column][\/vc_row][vc_row][vc_column][vc_column_text]EXBAT SURL est fier d&#8217;avoir collabor\u00e9 activement avec AGETIP S\u00e9n\u00e9gal dans le cadre du programme &#8220;XEYU NDAW GNI&#8221; initie par le gouvernement s\u00e9n\u00e9galais. Ce programme, con\u00e7u pour att\u00e9nuer le taux de ch\u00f4mage croissant, a mis notre entreprise au c\u0153ur de l&#8217;initiative du fait du r\u00f4le majeur qui nous a \u00e9t\u00e9 assign\u00e9 : (i) dans la r\u00e9alisation des installations de production des paves et des bordures ; (ii) la formation et l\u2019insertion des jeunes ; (iii) la r\u00e9alisation des \u00e9tudes et des travaux de pavage dans diverses communes du S\u00e9n\u00e9gal.[\/vc_column_text][\/vc_column][\/vc_row]<\/p>\n<\/div>","protected":false},"excerpt":{"rendered":"<p>Exbat est fier d&#8217;avoir collabor\u00e9 activement avec AGETIP S\u00e9n\u00e9gal dans le cadre du programme &#8220;XEYU NDAW GNI&#8221; initie par le gouvernement s\u00e9n\u00e9galais. <\/p>\n","protected":false},"author":1,"featured_media":910,"parent":17,"menu_order":0,"comment_status":"open","ping_status":"open","template":"","meta":{"footnotes":""},"class_list":["post-203","page","type-page","status-publish","has-post-thumbnail","hentry"],"_links":{"self":[{"href":"https:\/\/exbatsn.com\/index.php\/wp-json\/wp\/v2\/pages\/203","targetHints":{"allow":["GET"]}}],"collection":[{"href":"https:\/\/exbatsn.com\/index.php\/wp-json\/wp\/v2\/pages"}],"about":[{"href":"https:\/\/exbatsn.com\/index.php\/wp-json\/wp\/v2\/types\/page"}],"author":[{"embeddable":true,"href":"https:\/\/exbatsn.com\/index.php\/wp-json\/wp\/v2\/users\/1"}],"replies":[{"embeddable":true,"href":"https:\/\/exbatsn.com\/index.php\/wp-json\/wp\/v2\/comments?post=203"}],"version-history":[{"count":8,"href":"https:\/\/exbatsn.com\/index.php\/wp-json\/wp\/v2\/pages\/203\/revisions"}],"predecessor-version":[{"id":953,"href":"https:\/\/exbatsn.com\/index.php\/wp-json\/wp\/v2\/pages\/203\/revisions\/953"}],"up":[{"embeddable":true,"href":"https:\/\/exbatsn.com\/index.php\/wp-json\/wp\/v2\/pages\/17"}],"wp:featuredmedia":[{"embeddable":true,"href":"https:\/\/exbatsn.com\/index.php\/wp-json\/wp\/v2\/media\/910"}],"wp:attachment":[{"href":"https:\/\/exbatsn.com\/index.php\/wp-json\/wp\/v2\/media?parent=203"}],"curies":[{"name":"wp","href":"https:\/\/api.w.org\/{rel}","templated":true}]}}