{"id":37,"date":"2015-02-05T10:36:18","date_gmt":"2015-02-05T10:36:18","guid":{"rendered":"http:\/\/wpcharming.wpengine.com\/construction\/?page_id=37"},"modified":"2024-02-14T12:00:30","modified_gmt":"2024-02-14T12:00:30","slug":"routes","status":"publish","type":"page","link":"https:\/\/exbatsn.com\/index.php\/nos_services\/routes\/","title":{"rendered":"ROUTES"},"content":{"rendered":"<div class=\"wpb-content-wrapper\"><p>[vc_row padding_top=&#8221;0&#8243; padding_bottom=&#8221;0&#8243;][vc_column][vc_single_image image=&#8221;907&#8243; img_size=&#8221;1000&#215;600&#8243;][vc_column_text]\n        <style type='text\/css'>\n            #gallery-1 .gallery-item {\n                float: left;\n                text-align: center;\n                width: 20%;\n                margin-bottom:0;\n            }\n            #gallery-1 img {\n            }\n            #gallery-1 .gallery-caption {\n                margin-left: 0;\n            }\n        <\/style>\n\t\t<div id='gallery-1' class='gallery  gallery-columns-5 gallery-size-medium-thumb gallery-lightbox'><dl class='gallery-item'>\n            <dt class='gallery-icon'>\n                <a href='https:\/\/exbatsn.com\/wp-content\/uploads\/2024\/01\/WhatsApp-Image-2024-01-09-at-11.03.105.jpeg'><img fetchpriority=\"high\" decoding=\"async\" width=\"600\" height=\"300\" src=\"https:\/\/exbatsn.com\/wp-content\/uploads\/2024\/01\/WhatsApp-Image-2024-01-09-at-11.03.105-600x300.jpeg\" class=\"attachment-medium-thumb size-medium-thumb\" alt=\"\" srcset=\"https:\/\/exbatsn.com\/wp-content\/uploads\/2024\/01\/WhatsApp-Image-2024-01-09-at-11.03.105-600x300.jpeg 600w, https:\/\/exbatsn.com\/wp-content\/uploads\/2024\/01\/WhatsApp-Image-2024-01-09-at-11.03.105-400x200.jpeg 400w\" sizes=\"(max-width: 600px) 100vw, 600px\" \/><\/a>\n            <\/dt><\/dl><dl class='gallery-item'>\n            <dt class='gallery-icon'>\n                <a href='https:\/\/exbatsn.com\/wp-content\/uploads\/2024\/01\/WhatsApp-Image-2024-01-09-at-11.03.115.jpeg'><img decoding=\"async\" width=\"600\" height=\"300\" src=\"https:\/\/exbatsn.com\/wp-content\/uploads\/2024\/01\/WhatsApp-Image-2024-01-09-at-11.03.115-600x300.jpeg\" class=\"attachment-medium-thumb size-medium-thumb\" alt=\"\" srcset=\"https:\/\/exbatsn.com\/wp-content\/uploads\/2024\/01\/WhatsApp-Image-2024-01-09-at-11.03.115-600x300.jpeg 600w, https:\/\/exbatsn.com\/wp-content\/uploads\/2024\/01\/WhatsApp-Image-2024-01-09-at-11.03.115-400x200.jpeg 400w, https:\/\/exbatsn.com\/wp-content\/uploads\/2024\/01\/WhatsApp-Image-2024-01-09-at-11.03.115-800x400.jpeg 800w\" sizes=\"(max-width: 600px) 100vw, 600px\" \/><\/a>\n            <\/dt><\/dl><dl class='gallery-item'>\n            <dt class='gallery-icon'>\n                <a href='https:\/\/exbatsn.com\/wp-content\/uploads\/2024\/01\/WhatsApp-Image-2024-01-09-at-11.03.10.jpeg'><img decoding=\"async\" width=\"600\" height=\"300\" src=\"https:\/\/exbatsn.com\/wp-content\/uploads\/2024\/01\/WhatsApp-Image-2024-01-09-at-11.03.10-600x300.jpeg\" class=\"attachment-medium-thumb size-medium-thumb\" alt=\"\" srcset=\"https:\/\/exbatsn.com\/wp-content\/uploads\/2024\/01\/WhatsApp-Image-2024-01-09-at-11.03.10-600x300.jpeg 600w, https:\/\/exbatsn.com\/wp-content\/uploads\/2024\/01\/WhatsApp-Image-2024-01-09-at-11.03.10-400x200.jpeg 400w\" sizes=\"(max-width: 600px) 100vw, 600px\" \/><\/a>\n            <\/dt><\/dl><dl class='gallery-item'>\n            <dt class='gallery-icon'>\n                <a href='https:\/\/exbatsn.com\/wp-content\/uploads\/2024\/01\/WhatsApp-Image-2024-01-09-at-11.03.101.jpeg'><img loading=\"lazy\" decoding=\"async\" width=\"600\" height=\"300\" src=\"https:\/\/exbatsn.com\/wp-content\/uploads\/2024\/01\/WhatsApp-Image-2024-01-09-at-11.03.101-600x300.jpeg\" class=\"attachment-medium-thumb size-medium-thumb\" alt=\"\" srcset=\"https:\/\/exbatsn.com\/wp-content\/uploads\/2024\/01\/WhatsApp-Image-2024-01-09-at-11.03.101-600x300.jpeg 600w, https:\/\/exbatsn.com\/wp-content\/uploads\/2024\/01\/WhatsApp-Image-2024-01-09-at-11.03.101-400x200.jpeg 400w\" sizes=\"(max-width: 600px) 100vw, 600px\" \/><\/a>\n            <\/dt><\/dl><dl class='gallery-item'>\n            <dt class='gallery-icon'>\n                <a href='https:\/\/exbatsn.com\/wp-content\/uploads\/2024\/01\/WhatsApp-Image-2024-01-09-at-11.03.116.jpeg'><img loading=\"lazy\" decoding=\"async\" width=\"600\" height=\"300\" src=\"https:\/\/exbatsn.com\/wp-content\/uploads\/2024\/01\/WhatsApp-Image-2024-01-09-at-11.03.116-600x300.jpeg\" class=\"attachment-medium-thumb size-medium-thumb\" alt=\"\" srcset=\"https:\/\/exbatsn.com\/wp-content\/uploads\/2024\/01\/WhatsApp-Image-2024-01-09-at-11.03.116-600x300.jpeg 600w, https:\/\/exbatsn.com\/wp-content\/uploads\/2024\/01\/WhatsApp-Image-2024-01-09-at-11.03.116-400x200.jpeg 400w, https:\/\/exbatsn.com\/wp-content\/uploads\/2024\/01\/WhatsApp-Image-2024-01-09-at-11.03.116-800x400.jpeg 800w\" sizes=\"(max-width: 600px) 100vw, 600px\" \/><\/a>\n            <\/dt><\/dl><div class=\"clear\"><\/div>\n            <div class=\"clear\"><\/div>\n        <\/div>\n[\/vc_column_text][\/vc_column][\/vc_row][vc_row][vc_column][vc_column_text]La construction de routes est un processus complexe qui implique plusieurs \u00e9tapes. Exbat a une \u00e9quipe d&#8217;experts qui travaillent sur les principales phases de construction de routes. \u00c7a implique l&#8217;analyse de l&#8217;emplacement, l&#8217;\u00e9valuation des besoins en mati\u00e8re de transport, la d\u00e9finition du trac\u00e9 de la route, et l&#8217;obtention des autorisations n\u00e9cessaires.Il s&#8217;agit de concevoir la route en d\u00e9terminant la largeur, le trac\u00e9, la pente, les virages et d&#8217;autres caract\u00e9ristiques. La conception prend en compte des facteurs tels que la s\u00e9curit\u00e9 routi\u00e8re, la capacit\u00e9 de trafic, les conditions g\u00e9otechniques du sol, etc.[\/vc_column_text][\/vc_column][\/vc_row]<\/p>\n<\/div>","protected":false},"excerpt":{"rendered":"<p>La construction de routes est un processus complexe qui implique plusieurs \u00e9tapes. Exbat a une \u00e9quipe d\u2019experts qui travaillent sur les principales phases de construction de routes.<\/p>\n","protected":false},"author":1,"featured_media":912,"parent":17,"menu_order":0,"comment_status":"open","ping_status":"closed","template":"","meta":{"footnotes":""},"class_list":["post-37","page","type-page","status-publish","has-post-thumbnail","hentry"],"_links":{"self":[{"href":"https:\/\/exbatsn.com\/index.php\/wp-json\/wp\/v2\/pages\/37","targetHints":{"allow":["GET"]}}],"collection":[{"href":"https:\/\/exbatsn.com\/index.php\/wp-json\/wp\/v2\/pages"}],"about":[{"href":"https:\/\/exbatsn.com\/index.php\/wp-json\/wp\/v2\/types\/page"}],"author":[{"embeddable":true,"href":"https:\/\/exbatsn.com\/index.php\/wp-json\/wp\/v2\/users\/1"}],"replies":[{"embeddable":true,"href":"https:\/\/exbatsn.com\/index.php\/wp-json\/wp\/v2\/comments?post=37"}],"version-history":[{"count":14,"href":"https:\/\/exbatsn.com\/index.php\/wp-json\/wp\/v2\/pages\/37\/revisions"}],"predecessor-version":[{"id":982,"href":"https:\/\/exbatsn.com\/index.php\/wp-json\/wp\/v2\/pages\/37\/revisions\/982"}],"up":[{"embeddable":true,"href":"https:\/\/exbatsn.com\/index.php\/wp-json\/wp\/v2\/pages\/17"}],"wp:featuredmedia":[{"embeddable":true,"href":"https:\/\/exbatsn.com\/index.php\/wp-json\/wp\/v2\/media\/912"}],"wp:attachment":[{"href":"https:\/\/exbatsn.com\/index.php\/wp-json\/wp\/v2\/media?parent=37"}],"curies":[{"name":"wp","href":"https:\/\/api.w.org\/{rel}","templated":true}]}}