{"id":822,"date":"2015-02-05T10:20:33","date_gmt":"2015-02-05T10:20:33","guid":{"rendered":"http:\/\/wpcharming.wpengine.com\/construction\/?page_id=13"},"modified":"2024-03-04T08:54:16","modified_gmt":"2024-03-04T08:54:16","slug":"acceuil","status":"publish","type":"page","link":"https:\/\/exbatsn.com\/","title":{"rendered":"Accueil"},"content":{"rendered":"<div class=\"wpb-content-wrapper\"><p>[vc_row row_type=&#8221;row_fullwidth_content&#8221; margin_top=&#8221;-80&#8243; padding_bottom=&#8221;0&#8243; class=&#8221;fit-screen&#8221;][vc_column][rev_slider_vc alias=&#8221;Home1Extended1&#8243;][\/vc_column][\/vc_row][vc_row row_type=&#8221;row_full_center_content&#8221; padding_top=&#8221;60&#8243;][vc_column]\n\t<div class=\"custom-heading wpb_content_element \">\n\t\t<h2 class=\"heading-title\" >NOS SERVICES<\/h2>\n\t\t<span class=\"heading-line primary\"><\/span>\n\t<\/div>[vc_column_text]Que ce soit dans la construction de routes, de b\u00e2timents, d&#8217;ouvrages d&#8217;art, de projets d&#8217;am\u00e9nagement complexe, de lotissements, d&#8217;expertises g\u00e9om\u00e8tres, nous relevons les d\u00e9fis avec succ\u00e8s. Nous accompagnons \u00e9galement les organismes publics dans la mise en \u0153uvre de projets d&#8217;envergure, tout en offrant des solutions adapt\u00e9es aux particuliers pour l\u2019atteinte de leurs objectifs personnels.<\/p>\n<p>Chez EXBAT SURL, nous nous engageons \u00e0 maintenir notre excellence op\u00e9rationnelle, \u00e0 fournir des services de qualit\u00e9 et \u00e0 contribuer au d\u00e9veloppement durable. Dans un contexte tr\u00e8s concurrentiel, la reconnaissance de nos efforts se traduit par la satisfaction de nos clients qui nous a permis de progresser et de maintenir notre cap vers l\u2019excellence.[\/vc_column_text]\n\t<div class=\"child-page-wrapper children-custom-class\">\n\t\t\t<script type=\"text\/javascript\">\n\t\t\t\tjQuery(document).ready(function(){\n\t\t\t\t\t\"use strict\";\n\t\t\t\t\tjQuery(\".carousel-wrapper-69e3468f0aaa8\").slick({\n\t\t\t\t\t\trtl: false,\n\t\t\t\t\t\tslidesToShow: 3,\n                        autoplay: true ,\n                        autoplaySpeed: 3000 ,\n                        speed: 300 ,\n\t\t\t\t\t\tslidesToScroll: 1,\n\t\t\t\t\t\tdraggable: false,\n\t\t\t\t\t\tprevArrow: \"<span class='carousel-prev'><i class='fa fa-angle-left'><\/i><\/span>\",\n        \t\t\t\tnextArrow: \"<span class='carousel-next'><i class='fa fa-angle-right'><\/i><\/span>\",\n        \t\t\t\tresponsive: [{\n\t\t\t\t\t\t    breakpoint: 1024,\n\t\t\t\t\t\t    settings: {\n\t\t\t\t\t\t    slidesToShow: 3\n\t\t\t\t\t\t    }\n\t\t\t\t\t\t},\n\t\t\t\t\t\t{\n\t\t\t\t\t\t    breakpoint: 600,\n\t\t\t\t\t\t    settings: {\n\t\t\t\t\t\t    slidesToShow: 2\n\t\t\t\t\t\t    }\n\t\t\t\t\t\t},\n\t\t\t\t\t\t{\n\t\t\t\t\t\t    breakpoint: 480,\n\t\t\t\t\t\t    settings: {\n\t\t\t\t\t\t    slidesToShow: 1\n\t\t\t\t\t\t    }\n\t\t\t\t\t\t}]\n\t\t\t\t\t});\n\t\t\t\t});\n\t\t\t<\/script>\n\t\t<div class=\"grid-wrapper grid-3-columns grid-row carousel-wrapper-69e3468f0aaa8\">\n\t\t\t<div class=\"grid-item grid-sm-6 grid-md-4\">\n\t\t\t\t<div class=\"grid-thumbnail\">\n\t\t\t\t\t<a href=\"https:\/\/exbatsn.com\/index.php\/nos_services\/routes\/\" title=\"ROUTES\"><img fetchpriority=\"high\" decoding=\"async\" width=\"600\" height=\"300\" src=\"https:\/\/exbatsn.com\/wp-content\/uploads\/2024\/01\/WhatsApp-Image-2024-01-09-at-11.03.10-600x300.jpeg\" class=\"attachment-medium-thumb size-medium-thumb wp-post-image\" alt=\"\" srcset=\"https:\/\/exbatsn.com\/wp-content\/uploads\/2024\/01\/WhatsApp-Image-2024-01-09-at-11.03.10-600x300.jpeg 600w, https:\/\/exbatsn.com\/wp-content\/uploads\/2024\/01\/WhatsApp-Image-2024-01-09-at-11.03.10-400x200.jpeg 400w\" sizes=\"(max-width: 600px) 100vw, 600px\" \/><\/a>\n\t\t\t\t<\/div>\n\t\t\t\t<h3 class=\"grid-title\"><a href=\"https:\/\/exbatsn.com\/index.php\/nos_services\/routes\/\" rel=\"bookmark\">ROUTES<\/a><\/h3>\n\n\t\t\t\t<p>La construction de routes est un processus complexe qui implique plusieurs \u00e9tapes. Exbat a une \u00e9quipe d\u2019experts qui travaillent sur les principales phases de construction de routes.<\/p>\n\n\t\t\t\t<a class=\"grid-more\" href=\"https:\/\/exbatsn.com\/index.php\/nos_services\/routes\/\" title=\"ROUTES\">Service Detail<\/a>\n\n\t\t\t<\/div>\n\t\t\t\n\t\t\t<div class=\"grid-item grid-sm-6 grid-md-4\">\n\t\t\t\t<div class=\"grid-thumbnail\">\n\t\t\t\t\t<a href=\"https:\/\/exbatsn.com\/index.php\/nos_services\/xeyu_ndaw_ngi\/\" title=\"PROGRAMME XEYU NDAW GNI\"><img decoding=\"async\" width=\"600\" height=\"300\" src=\"https:\/\/exbatsn.com\/wp-content\/uploads\/2024\/01\/WhatsApp-Image-2024-01-09-at-11.03.102-600x300.jpeg\" class=\"attachment-medium-thumb size-medium-thumb wp-post-image\" alt=\"\" srcset=\"https:\/\/exbatsn.com\/wp-content\/uploads\/2024\/01\/WhatsApp-Image-2024-01-09-at-11.03.102-600x300.jpeg 600w, https:\/\/exbatsn.com\/wp-content\/uploads\/2024\/01\/WhatsApp-Image-2024-01-09-at-11.03.102-400x200.jpeg 400w, https:\/\/exbatsn.com\/wp-content\/uploads\/2024\/01\/WhatsApp-Image-2024-01-09-at-11.03.102-800x400.jpeg 800w\" sizes=\"(max-width: 600px) 100vw, 600px\" \/><\/a>\n\t\t\t\t<\/div>\n\t\t\t\t<h3 class=\"grid-title\"><a href=\"https:\/\/exbatsn.com\/index.php\/nos_services\/xeyu_ndaw_ngi\/\" rel=\"bookmark\">PROGRAMME XEYU NDAW GNI<\/a><\/h3>\n\n\t\t\t\t<p>Exbat est fier d'avoir collabor\u00e9 activement avec AGETIP S\u00e9n\u00e9gal dans le cadre du programme \"XEYU NDAW GNI\" initie par le gouvernement s\u00e9n\u00e9galais. <\/p>\n\n\t\t\t\t<a class=\"grid-more\" href=\"https:\/\/exbatsn.com\/index.php\/nos_services\/xeyu_ndaw_ngi\/\" title=\"PROGRAMME XEYU NDAW GNI\">Service Detail<\/a>\n\n\t\t\t<\/div>\n\t\t\t\n\t\t\t<div class=\"grid-item grid-sm-6 grid-md-4\">\n\t\t\t\t<div class=\"grid-thumbnail\">\n\t\t\t\t\t<a href=\"https:\/\/exbatsn.com\/index.php\/nos_services\/batiments\/\" title=\"BATIMENTS\"><img decoding=\"async\" width=\"600\" height=\"300\" src=\"https:\/\/exbatsn.com\/wp-content\/uploads\/2015\/02\/interior5-600x300.jpg\" class=\"attachment-medium-thumb size-medium-thumb wp-post-image\" alt=\"\" srcset=\"https:\/\/exbatsn.com\/wp-content\/uploads\/2015\/02\/interior5-600x300.jpg 600w, https:\/\/exbatsn.com\/wp-content\/uploads\/2015\/02\/interior5-400x200.jpg 400w, https:\/\/exbatsn.com\/wp-content\/uploads\/2015\/02\/interior5-800x400.jpg 800w\" sizes=\"(max-width: 600px) 100vw, 600px\" \/><\/a>\n\t\t\t\t<\/div>\n\t\t\t\t<h3 class=\"grid-title\"><a href=\"https:\/\/exbatsn.com\/index.php\/nos_services\/batiments\/\" rel=\"bookmark\">BATIMENTS<\/a><\/h3>\n\n\t\t\t\t<p>Exbat dispose des ressources et des connaissances n\u00e9cessaires pour entreprendre n'importe quel emploi<\/p>\n\n\t\t\t\t<a class=\"grid-more\" href=\"https:\/\/exbatsn.com\/index.php\/nos_services\/batiments\/\" title=\"BATIMENTS\">Service Detail<\/a>\n\n\t\t\t<\/div>\n\t\t\t\n\t\t<\/div>\n\t<\/div>[\/vc_column][\/vc_row][vc_row row_type=&#8221;row_full_center_content&#8221; row_meta_color=&#8221;false&#8221; padding_top=&#8221;50&#8243; padding_bottom=&#8221;30&#8243;][vc_column]\n\t<div class=\"custom-heading wpb_content_element \">\n\t\t<h2 class=\"heading-title\" >\u00c9v\u00e9nements<\/h2>\n\t\t<span class=\"heading-line primary\"><\/span>\n\t<\/div>\n\t<div class=\"child-page-wrapper recent-news-wrapper \">\n\t\t<h3 class=\"builder-heading\">R\u00e9cents<\/h3>\n\t\t\t\t\t<script type=\"text\/javascript\">\n\t\t\t\t\t\tjQuery(document).ready(function(){\n\t\t\t\t\t\t\t\"use strict\";\n\t\t\t\t\t\t\tjQuery(\".recent-news-carousel-69e3468f0c1c1\").slick({\n\t\t\t\t\t\t\t\trtl: false,\n\t\t\t\t\t\t\t\tslidesToShow: 3,\n\t\t\t\t\t\t\t\tautoplay: true ,\n\t\t                        autoplaySpeed: 3000 ,\n\t\t                        speed: 300 ,\n\t\t\t\t\t\t\t\tslidesToScroll: 1,\n\t\t\t\t\t\t\t\tdraggable: false,\n\t\t\t\t\t\t\t\tprevArrow: \"<span class='carousel-prev'><i class='fa fa-angle-left'><\/i><\/span>\",\n\t\t        \t\t\t\tnextArrow: \"<span class='carousel-next'><i class='fa fa-angle-right'><\/i><\/span>\",\n\t\t        \t\t\t\tresponsive: [{\n\t\t\t\t\t\t\t\t    breakpoint: 1024,\n\t\t\t\t\t\t\t\t    settings: {\n\t\t\t\t\t\t\t\t    slidesToShow: 3\n\t\t\t\t\t\t\t\t    }\n\t\t\t\t\t\t\t\t},\n\t\t\t\t\t\t\t\t{\n\t\t\t\t\t\t\t\t    breakpoint: 600,\n\t\t\t\t\t\t\t\t    settings: {\n\t\t\t\t\t\t\t\t    slidesToShow: 2\n\t\t\t\t\t\t\t\t    }\n\t\t\t\t\t\t\t\t},\n\t\t\t\t\t\t\t\t{\n\t\t\t\t\t\t\t\t    breakpoint: 480,\n\t\t\t\t\t\t\t\t    settings: {\n\t\t\t\t\t\t\t\t    slidesToShow: 1\n\t\t\t\t\t\t\t\t    }\n\t\t\t\t\t\t\t\t}]\n\t\t\t\t\t\t\t});\n\t\t\t\t\t\t});\n\t\t\t\t\t<\/script>\n\t\t\t\t<div class=\"grid-wrapper grid-3-columns grid-row recent-news-carousel-69e3468f0c1c1\">\n\t\t\t\t\t<div class=\"grid-item grid-sm-6 grid-md-4\">\n\t\t\t\t\t\t<div class=\"grid-thumbnail\">\n\t\t\t\t\t\t\t<a href=\"https:\/\/exbatsn.com\/index.php\/2023\/11\/19\/hello-world\/\" title=\"Bonjour\"><img loading=\"lazy\" decoding=\"async\" width=\"600\" height=\"300\" src=\"https:\/\/exbatsn.com\/wp-content\/uploads\/2024\/01\/Logo-ExBAtPlan-de-travail-2@4x-100-1-600x300.jpg\" class=\"attachment-medium-thumb size-medium-thumb wp-post-image\" alt=\"\" srcset=\"https:\/\/exbatsn.com\/wp-content\/uploads\/2024\/01\/Logo-ExBAtPlan-de-travail-2@4x-100-1-600x300.jpg 600w, https:\/\/exbatsn.com\/wp-content\/uploads\/2024\/01\/Logo-ExBAtPlan-de-travail-2@4x-100-1-400x200.jpg 400w, https:\/\/exbatsn.com\/wp-content\/uploads\/2024\/01\/Logo-ExBAtPlan-de-travail-2@4x-100-1-800x400.jpg 800w\" sizes=\"(max-width: 600px) 100vw, 600px\" \/><\/a>\n\t\t\t\t\t\t<\/div>\n\t\t\t\t\t\t<h4 class=\"grid-title\"><a href=\"https:\/\/exbatsn.com\/index.php\/2023\/11\/19\/hello-world\/\" rel=\"bookmark\">Bonjour<\/a><\/h4>\n\n\t\t\t\t\t\t<div class=\"recent-news-meta\">\n\t\t\t\t\t\t\t<span class=\"post-date\"><i class=\"fa fa-file-text-o\"><\/i> <time class=\"entry-date published updated\" datetime=\"2023-11-19T23:41:33+00:00\">novembre 19, 2023<\/time><\/span>\n\t\t\t\t\t\t\t<span class=\"comments-link\"><i class=\"fa fa-comments-o\"><\/i> <a href=\"https:\/\/exbatsn.com\/index.php\/2023\/11\/19\/hello-world\/#comments\">1 Comment<\/a><\/span>\n\t\t\t\t\t\t<\/div>\n\n\t\t\t\t\t\t<p>Bienvenue chez les experts B\u00e2tisseurs.<\/p>\n\n\t\t\t\t\t\t<a class=\"btn btn-light btn-small\" href=\"https:\/\/exbatsn.com\/index.php\/2023\/11\/19\/hello-world\/\" title=\"Bonjour\">Read More<\/a>\n\n\t\t\t\t\t<\/div>\n\t\t\t\t\t\n\t\t\t\t<\/div>\n\t<\/div>[\/vc_column][\/vc_row]<\/p>\n<\/div>","protected":false},"excerpt":{"rendered":"<p>[vc_row row_type=&#8221;row_fullwidth_content&#8221; margin_top=&#8221;-80&#8243; padding_bottom=&#8221;0&#8243; class=&#8221;fit-screen&#8221;][vc_column][rev_slider_vc alias=&#8221;Home1Extended1&#8243;][\/vc_column][\/vc_row][vc_row row_type=&#8221;row_full_center_content&#8221; padding_top=&#8221;60&#8243;][vc_column][vc_column_text]Que ce soit dans la construction de routes, de b\u00e2timents, d&#8217;ouvrages d&#8217;art, de projets &#8230;<\/p>\n","protected":false},"author":1,"featured_media":0,"parent":0,"menu_order":0,"comment_status":"open","ping_status":"closed","template":"","meta":{"footnotes":""},"class_list":["post-822","page","type-page","status-publish","hentry"],"_links":{"self":[{"href":"https:\/\/exbatsn.com\/index.php\/wp-json\/wp\/v2\/pages\/822","targetHints":{"allow":["GET"]}}],"collection":[{"href":"https:\/\/exbatsn.com\/index.php\/wp-json\/wp\/v2\/pages"}],"about":[{"href":"https:\/\/exbatsn.com\/index.php\/wp-json\/wp\/v2\/types\/page"}],"author":[{"embeddable":true,"href":"https:\/\/exbatsn.com\/index.php\/wp-json\/wp\/v2\/users\/1"}],"replies":[{"embeddable":true,"href":"https:\/\/exbatsn.com\/index.php\/wp-json\/wp\/v2\/comments?post=822"}],"version-history":[{"count":16,"href":"https:\/\/exbatsn.com\/index.php\/wp-json\/wp\/v2\/pages\/822\/revisions"}],"predecessor-version":[{"id":992,"href":"https:\/\/exbatsn.com\/index.php\/wp-json\/wp\/v2\/pages\/822\/revisions\/992"}],"wp:attachment":[{"href":"https:\/\/exbatsn.com\/index.php\/wp-json\/wp\/v2\/media?parent=822"}],"curies":[{"name":"wp","href":"https:\/\/api.w.org\/{rel}","templated":true}]}}