{"id":919,"date":"2024-02-14T09:20:51","date_gmt":"2024-02-14T09:20:51","guid":{"rendered":"https:\/\/exbatsn.com\/?page_id=919"},"modified":"2024-02-14T12:57:33","modified_gmt":"2024-02-14T12:57:33","slug":"batiments","status":"publish","type":"page","link":"https:\/\/exbatsn.com\/index.php\/nos_services\/batiments\/","title":{"rendered":"BATIMENTS"},"content":{"rendered":"<div class=\"wpb-content-wrapper\"><p>[vc_row][vc_column][vc_single_image image=&#8221;181&#8243; img_size=&#8221;1000&#215;600&#8243;][vc_column_text]<\/p>\n<h2>Exbat dispose des ressources et des connaissances n\u00e9cessaires pour entreprendre n&#8217;importe quel emploi<\/h2>\n<p>Avec des projets, des personnes et des bureaux, Exbat a une port\u00e9e et une expertise in\u00e9gal\u00e9es. Les r\u00e9glementations en mati\u00e8re de construction et les lois du travail dans le monde varient consid\u00e9rablement \u2013 et nous avons travaill\u00e9 avec succ\u00e8s dans certains des plus difficiles \u2013 et nous avons prouv\u00e9 un bilan de travail en douceur avec les agences gouvernementales et le secteur priv\u00e9.<br data-moz-translations-id=\"1\" \/>Les grands projets de construction sont des entreprises complexes, impliquant souvent des dizaines de sous-traitants et de fournisseurs, des milliers de travailleurs et des millions de dollars en mat\u00e9riel, en \u00e9quipements et en services. L&#8217;orchestration de ces op\u00e9rations exige une gestion de construction de premier ordre &#8211; quelque chose que Exbat fourni pendant des d\u00e9cennies sur des projets, grands et petits.[\/vc_column_text][\/vc_column][\/vc_row][vc_row][vc_column][\/vc_column][\/vc_row]<\/p>\n<\/div>","protected":false},"excerpt":{"rendered":"<p>Exbat dispose des ressources et des connaissances n\u00e9cessaires pour entreprendre n&#8217;importe quel emploi<\/p>\n","protected":false},"author":1,"featured_media":415,"parent":17,"menu_order":-1,"comment_status":"closed","ping_status":"closed","template":"","meta":{"footnotes":""},"class_list":["post-919","page","type-page","status-publish","has-post-thumbnail","hentry"],"_links":{"self":[{"href":"https:\/\/exbatsn.com\/index.php\/wp-json\/wp\/v2\/pages\/919","targetHints":{"allow":["GET"]}}],"collection":[{"href":"https:\/\/exbatsn.com\/index.php\/wp-json\/wp\/v2\/pages"}],"about":[{"href":"https:\/\/exbatsn.com\/index.php\/wp-json\/wp\/v2\/types\/page"}],"author":[{"embeddable":true,"href":"https:\/\/exbatsn.com\/index.php\/wp-json\/wp\/v2\/users\/1"}],"replies":[{"embeddable":true,"href":"https:\/\/exbatsn.com\/index.php\/wp-json\/wp\/v2\/comments?post=919"}],"version-history":[{"count":4,"href":"https:\/\/exbatsn.com\/index.php\/wp-json\/wp\/v2\/pages\/919\/revisions"}],"predecessor-version":[{"id":923,"href":"https:\/\/exbatsn.com\/index.php\/wp-json\/wp\/v2\/pages\/919\/revisions\/923"}],"up":[{"embeddable":true,"href":"https:\/\/exbatsn.com\/index.php\/wp-json\/wp\/v2\/pages\/17"}],"wp:featuredmedia":[{"embeddable":true,"href":"https:\/\/exbatsn.com\/index.php\/wp-json\/wp\/v2\/media\/415"}],"wp:attachment":[{"href":"https:\/\/exbatsn.com\/index.php\/wp-json\/wp\/v2\/media?parent=919"}],"curies":[{"name":"wp","href":"https:\/\/api.w.org\/{rel}","templated":true}]}}